{"id":2014,"date":"2025-02-10T13:41:29","date_gmt":"2025-02-10T13:41:29","guid":{"rendered":"https:\/\/www.thelodgeronda.com\/bodas\/"},"modified":"2025-10-14T16:24:44","modified_gmt":"2025-10-14T15:24:44","slug":"bodas","status":"publish","type":"page","link":"https:\/\/www.thelodgeronda.com\/es\/bodas\/","title":{"rendered":"Bodas"},"content":{"rendered":"\t\t<div data-elementor-type=\"wp-page\" data-elementor-id=\"2014\" class=\"elementor elementor-2014 elementor-1972\" data-elementor-post-type=\"page\">\n\t\t\t\t<div class=\"elementor-element elementor-element-833265d e-flex e-con-boxed e-con e-parent\" data-id=\"833265d\" data-element_type=\"container\" data-settings=\"{&quot;background_background&quot;:&quot;classic&quot;}\">\n\t\t\t\t\t<div class=\"e-con-inner\">\n\t\t\t\t\t<\/div>\n\t\t\t\t<\/div>\n\t\t<div class=\"elementor-element elementor-element-31523d4e e-flex e-con-boxed e-con e-parent\" data-id=\"31523d4e\" data-element_type=\"container\">\n\t\t\t\t\t<div class=\"e-con-inner\">\n\t\t\t\t<div class=\"elementor-element elementor-element-62b06a0e elementor-widget elementor-widget-heading\" data-id=\"62b06a0e\" data-element_type=\"widget\" data-widget_type=\"heading.default\">\n\t\t\t\t<div class=\"elementor-widget-container\">\n\t\t\t\t\t<h1 class=\"elementor-heading-title elementor-size-default\">Celebre tu boda en The Lodge Ronda<\/h1>\t\t\t\t<\/div>\n\t\t\t\t<\/div>\n\t\t\t\t<div class=\"elementor-element elementor-element-10e60d4b elementor-widget elementor-widget-heading\" data-id=\"10e60d4b\" data-element_type=\"widget\" data-widget_type=\"heading.default\">\n\t\t\t\t<div class=\"elementor-widget-container\">\n\t\t\t\t\t<h1 class=\"elementor-heading-title elementor-size-default\">Un enclave de ensue\u00f1o en el coraz\u00f3n de Andaluc\u00eda<\/h1>\t\t\t\t<\/div>\n\t\t\t\t<\/div>\n\t\t\t\t<div class=\"elementor-element elementor-element-5d846c9d animated-slow elementor-invisible elementor-widget elementor-widget-text-editor\" data-id=\"5d846c9d\" data-element_type=\"widget\" data-settings=\"{&quot;_animation&quot;:&quot;fadeIn&quot;}\" data-widget_type=\"text-editor.default\">\n\t\t\t\t<div class=\"elementor-widget-container\">\n\t\t\t\t\t\t\t\t\t<p class=\"p1\">Imagine tener tu boda en una elegante casa rural, rodeada de la belleza natural y el encanto atemporal de uno de los lugares m\u00e1s rom\u00e1nticos de Andaluc\u00eda. Tanto si sue\u00f1as con una celebraci\u00f3n \u00edntima como con una reuni\u00f3n m\u00e1s grande y sofisticada, <b><span class=\"s1\">The Lodge Ronda<\/span><\/b> te ofrece el escenario perfecto para tu d\u00eda especial.<\/p>\n\t\t\t\t\t\t\t\t<\/div>\n\t\t\t\t<\/div>\n\t\t\t\t<div class=\"elementor-element elementor-element-76c076 elementor-align-center animated-slow elementor-invisible elementor-widget elementor-widget-button\" data-id=\"76c076\" data-element_type=\"widget\" data-settings=\"{&quot;_animation&quot;:&quot;fadeIn&quot;}\" data-widget_type=\"button.default\">\n\t\t\t\t<div class=\"elementor-widget-container\">\n\t\t\t\t\t\t\t\t\t<div class=\"elementor-button-wrapper\">\n\t\t\t\t\t<a class=\"elementor-button elementor-button-link elementor-size-sm\" href=\"#contact\">\n\t\t\t\t\t\t<span class=\"elementor-button-content-wrapper\">\n\t\t\t\t\t\t\t\t\t<span class=\"elementor-button-text\">M\u00e1s informaci\u00f3n<\/span>\n\t\t\t\t\t<\/span>\n\t\t\t\t\t<\/a>\n\t\t\t\t<\/div>\n\t\t\t\t\t\t\t\t<\/div>\n\t\t\t\t<\/div>\n\t\t\t\t\t<\/div>\n\t\t\t\t<\/div>\n\t\t<div class=\"elementor-element elementor-element-4d00e19c elementor-hidden-desktop elementor-hidden-tablet elementor-hidden-mobile e-flex e-con-boxed e-con e-parent\" data-id=\"4d00e19c\" data-element_type=\"container\">\n\t\t\t\t\t<div class=\"e-con-inner\">\n\t\t<div class=\"elementor-element elementor-element-7017d11d e-con-full animated-slow e-flex elementor-invisible e-con e-child\" data-id=\"7017d11d\" data-element_type=\"container\" data-settings=\"{&quot;background_background&quot;:&quot;classic&quot;,&quot;animation&quot;:&quot;fadeIn&quot;}\">\n\t\t\t\t<\/div>\n\t\t<div class=\"elementor-element elementor-element-67b53e2a animated-slow e-flex e-con-boxed elementor-invisible e-con e-child\" data-id=\"67b53e2a\" data-element_type=\"container\" data-settings=\"{&quot;animation&quot;:&quot;fadeIn&quot;}\">\n\t\t\t\t\t<div class=\"e-con-inner\">\n\t\t\t\t<div class=\"elementor-element elementor-element-1f9ec7c elementor-widget elementor-widget-heading\" data-id=\"1f9ec7c\" data-element_type=\"widget\" data-widget_type=\"heading.default\">\n\t\t\t\t<div class=\"elementor-widget-container\">\n\t\t\t\t\t<h2 class=\"elementor-heading-title elementor-size-default\">Una experiencia \u00fanica<\/h2>\t\t\t\t<\/div>\n\t\t\t\t<\/div>\n\t\t\t\t<div class=\"elementor-element elementor-element-2975ae9f elementor-widget elementor-widget-text-editor\" data-id=\"2975ae9f\" data-element_type=\"widget\" data-widget_type=\"text-editor.default\">\n\t\t\t\t<div class=\"elementor-widget-container\">\n\t\t\t\t\t\t\t\t\t<p class=\"p1\"><b>Un servicio personalizado para un d\u00eda inolvidable<\/b><b><\/b><\/p>\n<p><\/p>\n<p class=\"p3\">En The Lodge Ronda, sabemos que cada boda es \u00fanica. Es por eso que trabajamos estrechamente contigo para llevar tu visi\u00f3n a la realidad, asegur\u00e1ndonos de que cada detalle sea cuidadosamente cuidado para que puedas disfrutar plenamente de tu d\u00eda especial.<\/p>\n<ul>\n<li class=\"p4\"><b><span class=\"s1\">Espacios con encanto<\/span><\/b>: Celebra tu boda en un entorno natural impresionante.<\/li>\n<p> \t<\/p>\n<li class=\"p4\"><b><span class=\"s1\">Atenci\u00f3n al detalle<\/span><\/b>: Nos ocupamos de todo, para que no tengas que preocuparte.<\/li>\n<p> \t<\/p>\n<li class=\"p4\"><b><span class=\"s1\">Ambiente exclusivo:<\/span><\/b> Privacidad y comodidad en un lugar dise\u00f1ado para momentos inolvidables.<\/li>\n<p><\/ul>\n\t\t\t\t\t\t\t\t<\/div>\n\t\t\t\t<\/div>\n\t\t\t\t\t<\/div>\n\t\t\t\t<\/div>\n\t\t\t\t\t<\/div>\n\t\t\t\t<\/div>\n\t\t<div class=\"elementor-element elementor-element-62ee8495 e-flex e-con-boxed e-con e-parent\" data-id=\"62ee8495\" data-element_type=\"container\">\n\t\t\t\t\t<div class=\"e-con-inner\">\n\t\t<div class=\"elementor-element elementor-element-421bd30e animated-slow e-con-full e-flex elementor-invisible e-con e-child\" data-id=\"421bd30e\" data-element_type=\"container\" data-settings=\"{&quot;animation&quot;:&quot;fadeIn&quot;}\">\n\t\t\t\t<div class=\"elementor-element elementor-element-cb62ca0 elementor-widget elementor-widget-heading\" data-id=\"cb62ca0\" data-element_type=\"widget\" data-widget_type=\"heading.default\">\n\t\t\t\t<div class=\"elementor-widget-container\">\n\t\t\t\t\t<h2 class=\"elementor-heading-title elementor-size-default\">Instalaciones y servicios<\/h2>\t\t\t\t<\/div>\n\t\t\t\t<\/div>\n\t\t\t\t<div class=\"elementor-element elementor-element-18378602 elementor-widget elementor-widget-text-editor\" data-id=\"18378602\" data-element_type=\"widget\" data-widget_type=\"text-editor.default\">\n\t\t\t\t<div class=\"elementor-widget-container\">\n\t\t\t\t\t\t\t\t\t<p class=\"p1\"><b>El lugar perfecto para tu boda en Ronda<\/b><b><\/b><\/p>\n<p><\/p>\n<p class=\"p3\">El Lodge Ronda ofrece una variedad de servicios para hacer de tu boda una experiencia verdaderamente excepcional.<\/p>\n<ul>\n<li class=\"p3\"><span class=\"s1\"><b>Capacidad<\/b><\/span>: Espacios para eventos de hasta <span class=\"s1\"><b>100 invitados.<\/b><\/span><\/li>\n<li class=\"p4\"><b>Alojamiento<\/b>: <span class=\"s2\"><b><span class=\"s2\">Habitaciones exclusivas para la pareja y los invitados.<\/span><\/b><\/span><\/li>\n<li class=\"p3\"><b><span class=\"s1\">Piscina privada<\/span><\/b>: Rel\u00e1jate y disfruta de un impresionante espacio al aire libre.<\/li>\n<li class=\"p3\"><b><span class=\"s1\">Uso exclusivo del lugar<\/span><\/b>: Todo el alojamiento puede adaptarse a tu visi\u00f3n.<\/li>\n<\/ul>\n<p><\/p>\n<p class=\"p3\"><b><span class=\"s1\">Nota<\/span><\/b>: Los servicios de wedding panner no est\u00e1n incluidos, pero estaremos encantados de recomendarle profesionales de confianza.<\/p>\n\t\t\t\t\t\t\t\t<\/div>\n\t\t\t\t<\/div>\n\t\t\t\t<\/div>\n\t\t<div class=\"elementor-element elementor-element-2bbe6604 e-con-full animated-slow e-flex elementor-invisible e-con e-child\" data-id=\"2bbe6604\" data-element_type=\"container\" data-settings=\"{&quot;background_background&quot;:&quot;classic&quot;,&quot;animation&quot;:&quot;fadeIn&quot;}\">\n\t\t\t\t<\/div>\n\t\t\t\t\t<\/div>\n\t\t\t\t<\/div>\n\t\t<div class=\"elementor-element elementor-element-28e5061c e-flex e-con-boxed e-con e-parent\" data-id=\"28e5061c\" data-element_type=\"container\">\n\t\t\t\t\t<div class=\"e-con-inner\">\n\t\t<div class=\"elementor-element elementor-element-422f5f05 e-con-full animated-slow e-flex elementor-invisible e-con e-child\" data-id=\"422f5f05\" data-element_type=\"container\" data-settings=\"{&quot;background_background&quot;:&quot;classic&quot;,&quot;animation&quot;:&quot;fadeIn&quot;}\">\n\t\t\t\t<\/div>\n\t\t<div class=\"elementor-element elementor-element-77f1a9bf animated-slow e-flex e-con-boxed elementor-invisible e-con e-child\" data-id=\"77f1a9bf\" data-element_type=\"container\" data-settings=\"{&quot;animation&quot;:&quot;fadeIn&quot;}\">\n\t\t\t\t\t<div class=\"e-con-inner\">\n\t\t\t\t<div class=\"elementor-element elementor-element-13f11d01 elementor-widget elementor-widget-heading\" data-id=\"13f11d01\" data-element_type=\"widget\" data-widget_type=\"heading.default\">\n\t\t\t\t<div class=\"elementor-widget-container\">\n\t\t\t\t\t<h2 class=\"elementor-heading-title elementor-size-default\">Alojamiento y capacidad<\/h2>\t\t\t\t<\/div>\n\t\t\t\t<\/div>\n\t\t\t\t<div class=\"elementor-element elementor-element-44bd2296 elementor-widget elementor-widget-text-editor\" data-id=\"44bd2296\" data-element_type=\"widget\" data-widget_type=\"text-editor.default\">\n\t\t\t\t<div class=\"elementor-widget-container\">\n\t\t\t\t\t\t\t\t\t<p class=\"p1\"><b>Estancia con comodidad y estilo<\/b><b><\/b><\/p>\n<p class=\"p3\">El Lodge Ronda ofrece un <b><span class=\"s1\">alojamiento de lujo<\/span><\/b> con total exclusividad para ti y tus invitados.<\/p>\n<ul>\n<li class=\"p4\"><a href=\"https:\/\/www.thelodgeronda.com\/es\/nuestras-habitaciones\/\"><span class=\"s1\"><b>Habitaciones<\/b><\/span><\/a>: Una selecci\u00f3n de habitaciones elegantes y confortables.<\/li>\n<li class=\"p5\"><span class=\"s2\"><b>Capacidad para hu\u00e9spedes<\/b><\/span>: <span class=\"s2\"><b>Hasta 16 hu\u00e9spedes pueden alojarse en el lodge.<\/b><\/span><\/li>\n<li class=\"p4\"><b><span class=\"s1\">Espacios exteriores<\/span><\/b>: Hermosos jardines, <b><span class=\"s1\">terrazas y una piscina<\/span><\/b> privada para la experiencia andaluza perfecta.<\/li>\n<\/ul>\n\t\t\t\t\t\t\t\t<\/div>\n\t\t\t\t<\/div>\n\t\t\t\t\t<\/div>\n\t\t\t\t<\/div>\n\t\t\t\t\t<\/div>\n\t\t\t\t<\/div>\n\t\t<div class=\"elementor-element elementor-element-fb56c14 e-flex e-con-boxed e-con e-parent\" data-id=\"fb56c14\" data-element_type=\"container\">\n\t\t\t\t\t<div class=\"e-con-inner\">\n\t\t<div class=\"elementor-element elementor-element-7f4572e animated-slow e-con-full e-flex elementor-invisible e-con e-child\" data-id=\"7f4572e\" data-element_type=\"container\" data-settings=\"{&quot;animation&quot;:&quot;fadeIn&quot;}\">\n\t\t\t\t<div class=\"elementor-element elementor-element-aca4425 elementor-widget elementor-widget-heading\" data-id=\"aca4425\" data-element_type=\"widget\" data-widget_type=\"heading.default\">\n\t\t\t\t<div class=\"elementor-widget-container\">\n\t\t\t\t\t<h2 class=\"elementor-heading-title elementor-size-default\">Tarifas y condiciones<\/h2>\t\t\t\t<\/div>\n\t\t\t\t<\/div>\n\t\t\t\t<div class=\"elementor-element elementor-element-92f6b28 elementor-widget elementor-widget-text-editor\" data-id=\"92f6b28\" data-element_type=\"widget\" data-widget_type=\"text-editor.default\">\n\t\t\t\t<div class=\"elementor-widget-container\">\n\t\t\t\t\t\t\t\t\t<p class=\"p1\"><b>Reserve tu boda en The Lodge Ronda<\/b><b><\/b><\/p>\n<p><\/p>\n<p class=\"p3\">Para garantizar la exclusividad de cada boda, el alquiler del lugar tiene un <b><span class=\"s1\">coste de 2.150 euros.<\/span><\/b><\/p>\n<p><\/p>\n<p class=\"p3\">Se requiere un dep\u00f3sito no reembolsable <b><span class=\"s1\">del 30% del total <\/span><\/b>del alojamiento para confirmar la reserva.<\/p>\n<ul>\n<li class=\"p4\"><span class=\"s2\"><b>Estancia m\u00ednima<\/b><\/span>: <b>3 noches <\/b><span class=\"s2\">para eventos<\/span>.<\/li>\n<p> \t<\/p>\n<li class=\"p4\"><b>Posibilidad de prolongar la estancia<\/b>: <span class=\"s2\">Hasta 5<\/span> <b>noches bajo petici\u00f3n<\/b>, <span class=\"s2\">con cargo adicional.<\/span><\/li>\n<p> \t<\/p>\n<li class=\"p4\"><span class=\"s2\"><b>Extras disponibles:<\/b><\/span>\n<ul>\n<li class=\"p5\">Cama supletoria (44 euros).<\/li>\n<p><\/ul>\n<p><\/li>\n<p><\/ul>\n<p><span class=\"s2\">Final confirmation requires <\/span><b>payment of the wedding fee + 70% of the accommodation cost<\/b> <b>six weeks before arrival<\/b><span class=\"s2\">.<\/span><\/p>\n\t\t\t\t\t\t\t\t<\/div>\n\t\t\t\t<\/div>\n\t\t\t\t<\/div>\n\t\t<div class=\"elementor-element elementor-element-2ab3d62 e-con-full animated-slow e-flex elementor-invisible e-con e-child\" data-id=\"2ab3d62\" data-element_type=\"container\" data-settings=\"{&quot;background_background&quot;:&quot;classic&quot;,&quot;animation&quot;:&quot;fadeIn&quot;}\">\n\t\t\t\t<\/div>\n\t\t\t\t\t<\/div>\n\t\t\t\t<\/div>\n\t\t<div class=\"elementor-element elementor-element-1f7179a3 e-flex e-con-boxed e-con e-parent\" data-id=\"1f7179a3\" data-element_type=\"container\" id=\"contact\">\n\t\t\t\t\t<div class=\"e-con-inner\">\n\t\t\t\t<div class=\"elementor-element elementor-element-a6c422c elementor-widget elementor-widget-heading\" data-id=\"a6c422c\" data-element_type=\"widget\" data-widget_type=\"heading.default\">\n\t\t\t\t<div class=\"elementor-widget-container\">\n\t\t\t\t\t<h1 class=\"elementor-heading-title elementor-size-default\">Ponte en contacto<\/h1>\t\t\t\t<\/div>\n\t\t\t\t<\/div>\n\t\t\t\t<div class=\"elementor-element elementor-element-5a435681 elementor-widget elementor-widget-text-editor\" data-id=\"5a435681\" data-element_type=\"widget\" data-widget_type=\"text-editor.default\">\n\t\t\t\t<div class=\"elementor-widget-container\">\n\t\t\t\t\t\t\t\t\t<p>Nuestros hu\u00e9spedes se dan un capricho extraordinario reservando toda la propiedad para unas vacaciones encantadoras, un evento privado o como localizaci\u00f3n y base para filmaciones y fotograf\u00edas que ayuden a convertir a compa\u00f1eros de viaje en amigos.<br \/><strong>Nuestro entregado equipo destaca en la organizaci\u00f3n de experiencias y la organizaci\u00f3n de distintos eventos y ocasiones.<\/strong><\/p>\n<p><a href=\"mailto:info@thelodgeronda.com\"><strong>info@thelodgeronda.com<\/strong><\/a><\/p>\n\t\t\t\t\t\t\t\t<\/div>\n\t\t\t\t<\/div>\n\t\t\t\t\t<\/div>\n\t\t\t\t<\/div>\n\t\t<div class=\"elementor-element elementor-element-3ccdf67e e-con-full e-flex e-con e-parent\" data-id=\"3ccdf67e\" data-element_type=\"container\">\n\t\t\t\t<div class=\"elementor-element elementor-element-1c668521 elementor-widget-divider--view-line elementor-widget elementor-widget-divider\" data-id=\"1c668521\" data-element_type=\"widget\" data-widget_type=\"divider.default\">\n\t\t\t\t<div class=\"elementor-widget-container\">\n\t\t\t\t\t\t\t<div class=\"elementor-divider\">\n\t\t\t<span class=\"elementor-divider-separator\">\n\t\t\t\t\t\t<\/span>\n\t\t<\/div>\n\t\t\t\t\t\t<\/div>\n\t\t\t\t<\/div>\n\t\t\t\t<div class=\"elementor-element elementor-element-1b9212fd elementor-widget elementor-widget-global elementor-global-1567 elementor-global-752 elementor-widget-text-editor\" data-id=\"1b9212fd\" data-element_type=\"widget\" data-widget_type=\"text-editor.default\">\n\t\t\t\t<div class=\"elementor-widget-container\">\n\t\t\t\t\t\t\t\t\t<p>Para cualquier consulta, ponte en contacto con nosotros en el <a href=\"tel:0034615690024\"><strong>+34 615 690 024<\/strong><\/a>\u00a0o aprovecha el momento y <a href=\"https:\/\/www.thelodgeronda.com\/es\/reserva\/\"><strong>reserva ahora<\/strong><\/a>.<\/p>\n\t\t\t\t\t\t\t\t<\/div>\n\t\t\t\t<\/div>\n\t\t\t\t<div class=\"elementor-element elementor-element-724e326 elementor-widget-divider--view-line elementor-widget elementor-widget-divider\" data-id=\"724e326\" data-element_type=\"widget\" data-widget_type=\"divider.default\">\n\t\t\t\t<div class=\"elementor-widget-container\">\n\t\t\t\t\t\t\t<div class=\"elementor-divider\">\n\t\t\t<span class=\"elementor-divider-separator\">\n\t\t\t\t\t\t<\/span>\n\t\t<\/div>\n\t\t\t\t\t\t<\/div>\n\t\t\t\t<\/div>\n\t\t\t\t<\/div>\n\t\t\t\t<\/div>\n\t\t","protected":false},"excerpt":{"rendered":"<p>Celebre tu boda en The Lodge Ronda Un enclave de ensue\u00f1o en el coraz\u00f3n de Andaluc\u00eda Imagine tener tu boda en una elegante casa rural, rodeada de la belleza natural y el encanto atemporal de uno de los lugares m\u00e1s rom\u00e1nticos de Andaluc\u00eda. Tanto si sue\u00f1as con una celebraci\u00f3n \u00edntima como con una reuni\u00f3n m\u00e1s [&hellip;]<\/p>\n","protected":false},"author":1,"featured_media":0,"parent":0,"menu_order":0,"comment_status":"closed","ping_status":"closed","template":"elementor_header_footer","meta":{"_joinchat":[],"footnotes":""},"class_list":["post-2014","page","type-page","status-publish","hentry"],"yoast_head":"<!-- This site is optimized with the Yoast SEO plugin v26.4 - https:\/\/yoast.com\/wordpress\/plugins\/seo\/ -->\n<title>Bodas | The Lodge Ronda<\/title>\n<meta name=\"robots\" content=\"index, follow, max-snippet:-1, max-image-preview:large, max-video-preview:-1\" \/>\n<link rel=\"canonical\" href=\"https:\/\/www.thelodgeronda.com\/es\/bodas\/\" \/>\n<meta property=\"og:locale\" content=\"es_ES\" \/>\n<meta property=\"og:type\" content=\"article\" \/>\n<meta property=\"og:title\" content=\"Bodas | The Lodge Ronda\" \/>\n<meta property=\"og:description\" content=\"Celebre tu boda en The Lodge Ronda Un enclave de ensue\u00f1o en el coraz\u00f3n de Andaluc\u00eda Imagine tener tu boda en una elegante casa rural, rodeada de la belleza natural y el encanto atemporal de uno de los lugares m\u00e1s rom\u00e1nticos de Andaluc\u00eda. Tanto si sue\u00f1as con una celebraci\u00f3n \u00edntima como con una reuni\u00f3n m\u00e1s [&hellip;]\" \/>\n<meta property=\"og:url\" content=\"https:\/\/www.thelodgeronda.com\/es\/bodas\/\" \/>\n<meta property=\"og:site_name\" content=\"The Lodge Ronda\" \/>\n<meta property=\"article:publisher\" content=\"https:\/\/www.facebook.com\/TtheLodgeRondaNearRonda\" \/>\n<meta property=\"article:modified_time\" content=\"2025-10-14T15:24:44+00:00\" \/>\n<meta property=\"og:image\" content=\"https:\/\/www.thelodgeronda.com\/wp-content\/uploads\/2023\/06\/Luxury-Guest-House-The-Lodge-Ronda-Spain-1.webp\" \/>\n\t<meta property=\"og:image:width\" content=\"1920\" \/>\n\t<meta property=\"og:image:height\" content=\"1280\" \/>\n\t<meta property=\"og:image:type\" content=\"image\/webp\" \/>\n<meta name=\"twitter:card\" content=\"summary_large_image\" \/>\n<meta name=\"twitter:label1\" content=\"Tiempo de lectura\" \/>\n\t<meta name=\"twitter:data1\" content=\"2 minutos\" \/>\n<script type=\"application\/ld+json\" class=\"yoast-schema-graph\">{\"@context\":\"https:\/\/schema.org\",\"@graph\":[{\"@type\":\"WebPage\",\"@id\":\"https:\/\/www.thelodgeronda.com\/es\/bodas\/\",\"url\":\"https:\/\/www.thelodgeronda.com\/es\/bodas\/\",\"name\":\"Bodas | The Lodge Ronda\",\"isPartOf\":{\"@id\":\"https:\/\/www.thelodgeronda.com\/es\/#website\"},\"datePublished\":\"2025-02-10T13:41:29+00:00\",\"dateModified\":\"2025-10-14T15:24:44+00:00\",\"breadcrumb\":{\"@id\":\"https:\/\/www.thelodgeronda.com\/es\/bodas\/#breadcrumb\"},\"inLanguage\":\"es\",\"potentialAction\":[{\"@type\":\"ReadAction\",\"target\":[\"https:\/\/www.thelodgeronda.com\/es\/bodas\/\"]}]},{\"@type\":\"BreadcrumbList\",\"@id\":\"https:\/\/www.thelodgeronda.com\/es\/bodas\/#breadcrumb\",\"itemListElement\":[{\"@type\":\"ListItem\",\"position\":1,\"name\":\"Home\",\"item\":\"https:\/\/www.thelodgeronda.com\/es\/home\/\"},{\"@type\":\"ListItem\",\"position\":2,\"name\":\"Bodas\"}]},{\"@type\":\"WebSite\",\"@id\":\"https:\/\/www.thelodgeronda.com\/es\/#website\",\"url\":\"https:\/\/www.thelodgeronda.com\/es\/\",\"name\":\"The Lodge Ronda\",\"description\":\"Luxury Guest House in Ronda | Web Official\",\"publisher\":{\"@id\":\"https:\/\/www.thelodgeronda.com\/es\/#organization\"},\"alternateName\":\"Luxury Villa in Ronda\",\"potentialAction\":[{\"@type\":\"SearchAction\",\"target\":{\"@type\":\"EntryPoint\",\"urlTemplate\":\"https:\/\/www.thelodgeronda.com\/es\/?s={search_term_string}\"},\"query-input\":{\"@type\":\"PropertyValueSpecification\",\"valueRequired\":true,\"valueName\":\"search_term_string\"}}],\"inLanguage\":\"es\"},{\"@type\":\"Organization\",\"@id\":\"https:\/\/www.thelodgeronda.com\/es\/#organization\",\"name\":\"The Lodge Ronda - Luxury Villa in Ronda\",\"alternateName\":\"Luxury Guest House in Ronda\",\"url\":\"https:\/\/www.thelodgeronda.com\/es\/\",\"logo\":{\"@type\":\"ImageObject\",\"inLanguage\":\"es\",\"@id\":\"https:\/\/www.thelodgeronda.com\/es\/#\/schema\/logo\/image\/\",\"url\":\"https:\/\/www.thelodgeronda.com\/exclusive\/wp-content\/uploads\/2023\/06\/The-Lodge-Ronda-Luxury-Guest-House-Ronda.png\",\"contentUrl\":\"https:\/\/www.thelodgeronda.com\/exclusive\/wp-content\/uploads\/2023\/06\/The-Lodge-Ronda-Luxury-Guest-House-Ronda.png\",\"width\":656,\"height\":229,\"caption\":\"The Lodge Ronda - Luxury Villa in Ronda\"},\"image\":{\"@id\":\"https:\/\/www.thelodgeronda.com\/es\/#\/schema\/logo\/image\/\"},\"sameAs\":[\"https:\/\/www.facebook.com\/TtheLodgeRondaNearRonda\",\"https:\/\/www.instagram.com\/thelodgeronda\/\"]}]}<\/script>\n<!-- \/ Yoast SEO plugin. -->","yoast_head_json":{"title":"Bodas | The Lodge Ronda","robots":{"index":"index","follow":"follow","max-snippet":"max-snippet:-1","max-image-preview":"max-image-preview:large","max-video-preview":"max-video-preview:-1"},"canonical":"https:\/\/www.thelodgeronda.com\/es\/bodas\/","og_locale":"es_ES","og_type":"article","og_title":"Bodas | The Lodge Ronda","og_description":"Celebre tu boda en The Lodge Ronda Un enclave de ensue\u00f1o en el coraz\u00f3n de Andaluc\u00eda Imagine tener tu boda en una elegante casa rural, rodeada de la belleza natural y el encanto atemporal de uno de los lugares m\u00e1s rom\u00e1nticos de Andaluc\u00eda. Tanto si sue\u00f1as con una celebraci\u00f3n \u00edntima como con una reuni\u00f3n m\u00e1s [&hellip;]","og_url":"https:\/\/www.thelodgeronda.com\/es\/bodas\/","og_site_name":"The Lodge Ronda","article_publisher":"https:\/\/www.facebook.com\/TtheLodgeRondaNearRonda","article_modified_time":"2025-10-14T15:24:44+00:00","og_image":[{"width":1920,"height":1280,"url":"https:\/\/www.thelodgeronda.com\/wp-content\/uploads\/2023\/06\/Luxury-Guest-House-The-Lodge-Ronda-Spain-1.webp","type":"image\/webp"}],"twitter_card":"summary_large_image","twitter_misc":{"Tiempo de lectura":"2 minutos"},"schema":{"@context":"https:\/\/schema.org","@graph":[{"@type":"WebPage","@id":"https:\/\/www.thelodgeronda.com\/es\/bodas\/","url":"https:\/\/www.thelodgeronda.com\/es\/bodas\/","name":"Bodas | The Lodge Ronda","isPartOf":{"@id":"https:\/\/www.thelodgeronda.com\/es\/#website"},"datePublished":"2025-02-10T13:41:29+00:00","dateModified":"2025-10-14T15:24:44+00:00","breadcrumb":{"@id":"https:\/\/www.thelodgeronda.com\/es\/bodas\/#breadcrumb"},"inLanguage":"es","potentialAction":[{"@type":"ReadAction","target":["https:\/\/www.thelodgeronda.com\/es\/bodas\/"]}]},{"@type":"BreadcrumbList","@id":"https:\/\/www.thelodgeronda.com\/es\/bodas\/#breadcrumb","itemListElement":[{"@type":"ListItem","position":1,"name":"Home","item":"https:\/\/www.thelodgeronda.com\/es\/home\/"},{"@type":"ListItem","position":2,"name":"Bodas"}]},{"@type":"WebSite","@id":"https:\/\/www.thelodgeronda.com\/es\/#website","url":"https:\/\/www.thelodgeronda.com\/es\/","name":"The Lodge Ronda","description":"Luxury Guest House in Ronda | Web Official","publisher":{"@id":"https:\/\/www.thelodgeronda.com\/es\/#organization"},"alternateName":"Luxury Villa in Ronda","potentialAction":[{"@type":"SearchAction","target":{"@type":"EntryPoint","urlTemplate":"https:\/\/www.thelodgeronda.com\/es\/?s={search_term_string}"},"query-input":{"@type":"PropertyValueSpecification","valueRequired":true,"valueName":"search_term_string"}}],"inLanguage":"es"},{"@type":"Organization","@id":"https:\/\/www.thelodgeronda.com\/es\/#organization","name":"The Lodge Ronda - Luxury Villa in Ronda","alternateName":"Luxury Guest House in Ronda","url":"https:\/\/www.thelodgeronda.com\/es\/","logo":{"@type":"ImageObject","inLanguage":"es","@id":"https:\/\/www.thelodgeronda.com\/es\/#\/schema\/logo\/image\/","url":"https:\/\/www.thelodgeronda.com\/exclusive\/wp-content\/uploads\/2023\/06\/The-Lodge-Ronda-Luxury-Guest-House-Ronda.png","contentUrl":"https:\/\/www.thelodgeronda.com\/exclusive\/wp-content\/uploads\/2023\/06\/The-Lodge-Ronda-Luxury-Guest-House-Ronda.png","width":656,"height":229,"caption":"The Lodge Ronda - Luxury Villa in Ronda"},"image":{"@id":"https:\/\/www.thelodgeronda.com\/es\/#\/schema\/logo\/image\/"},"sameAs":["https:\/\/www.facebook.com\/TtheLodgeRondaNearRonda","https:\/\/www.instagram.com\/thelodgeronda\/"]}]}},"_links":{"self":[{"href":"https:\/\/www.thelodgeronda.com\/es\/wp-json\/wp\/v2\/pages\/2014","targetHints":{"allow":["GET"]}}],"collection":[{"href":"https:\/\/www.thelodgeronda.com\/es\/wp-json\/wp\/v2\/pages"}],"about":[{"href":"https:\/\/www.thelodgeronda.com\/es\/wp-json\/wp\/v2\/types\/page"}],"author":[{"embeddable":true,"href":"https:\/\/www.thelodgeronda.com\/es\/wp-json\/wp\/v2\/users\/1"}],"replies":[{"embeddable":true,"href":"https:\/\/www.thelodgeronda.com\/es\/wp-json\/wp\/v2\/comments?post=2014"}],"version-history":[{"count":9,"href":"https:\/\/www.thelodgeronda.com\/es\/wp-json\/wp\/v2\/pages\/2014\/revisions"}],"predecessor-version":[{"id":2119,"href":"https:\/\/www.thelodgeronda.com\/es\/wp-json\/wp\/v2\/pages\/2014\/revisions\/2119"}],"wp:attachment":[{"href":"https:\/\/www.thelodgeronda.com\/es\/wp-json\/wp\/v2\/media?parent=2014"}],"curies":[{"name":"wp","href":"https:\/\/api.w.org\/{rel}","templated":true}]}}