{"id":1547,"date":"2023-12-14T14:20:54","date_gmt":"2023-12-14T14:20:54","guid":{"rendered":"https:\/\/www.thelodgeronda.com\/nuestro-equipo\/"},"modified":"2024-04-09T14:22:44","modified_gmt":"2024-04-09T13:22:44","slug":"nuestro-equipo","status":"publish","type":"page","link":"https:\/\/www.thelodgeronda.com\/es\/nuestro-equipo\/","title":{"rendered":"Nuestro Equipo"},"content":{"rendered":"\t\t<div data-elementor-type=\"wp-page\" data-elementor-id=\"1547\" class=\"elementor elementor-1547 elementor-765\" data-elementor-post-type=\"page\">\n\t\t\t\t<div class=\"elementor-element elementor-element-322f8697 e-flex e-con-boxed e-con e-parent\" data-id=\"322f8697\" data-element_type=\"container\" data-settings=\"{&quot;background_background&quot;:&quot;classic&quot;}\">\n\t\t\t\t\t<div class=\"e-con-inner\">\n\t\t\t\t\t<\/div>\n\t\t\t\t<\/div>\n\t\t<div class=\"elementor-element elementor-element-b343b28 e-flex e-con-boxed e-con e-parent\" data-id=\"b343b28\" data-element_type=\"container\">\n\t\t\t\t\t<div class=\"e-con-inner\">\n\t\t\t\t<div class=\"elementor-element elementor-element-4ada8a8f elementor-widget elementor-widget-heading\" data-id=\"4ada8a8f\" data-element_type=\"widget\" data-widget_type=\"heading.default\">\n\t\t\t\t<div class=\"elementor-widget-container\">\n\t\t\t\t\t<h1 class=\"elementor-heading-title elementor-size-default\">Conoce las caras y las historias que se esconden tras The Lodge Ronda<\/h1>\t\t\t\t<\/div>\n\t\t\t\t<\/div>\n\t\t\t\t<div class=\"elementor-element elementor-element-27d80e7c elementor-widget elementor-widget-heading\" data-id=\"27d80e7c\" data-element_type=\"widget\" data-widget_type=\"heading.default\">\n\t\t\t\t<div class=\"elementor-widget-container\">\n\t\t\t\t\t<h1 class=\"elementor-heading-title elementor-size-default\">nuestro equipo<\/h1>\t\t\t\t<\/div>\n\t\t\t\t<\/div>\n\t\t\t\t<div class=\"elementor-element elementor-element-682f444d animated-slow elementor-invisible elementor-widget elementor-widget-text-editor\" data-id=\"682f444d\" data-element_type=\"widget\" data-settings=\"{&quot;_animation&quot;:&quot;fadeIn&quot;}\" data-widget_type=\"text-editor.default\">\n\t\t\t\t<div class=\"elementor-widget-container\">\n\t\t\t\t\t\t\t\t\t<p>Cada miembro de nuestro equipo es un testimonio de nuestro compromiso con la hospitalidad, asegurando que tu estancia no sea s\u00f3lo una visita, sino una conexi\u00f3n con la calidez y dedicaci\u00f3n que definen a The Lodge Ronda.<br \/>Descubre las personalidades que dan forma a su experiencia y conoce la aut\u00e9ntica pasi\u00f3n que alimenta su compromiso de hacer que tu estancia sea excepcional.<br \/>Bienvenido al coraz\u00f3n de nuestra hospitalidad: conoce al equipo que convierte los momentos en recuerdos.<\/p>\n\t\t\t\t\t\t\t\t<\/div>\n\t\t\t\t<\/div>\n\t\t\t\t<div class=\"elementor-element elementor-element-6c3b4c37 elementor-align-center animated-slow elementor-invisible elementor-widget elementor-widget-button\" data-id=\"6c3b4c37\" data-element_type=\"widget\" data-settings=\"{&quot;_animation&quot;:&quot;fadeIn&quot;}\" data-widget_type=\"button.default\">\n\t\t\t\t<div class=\"elementor-widget-container\">\n\t\t\t\t\t\t\t\t\t<div class=\"elementor-button-wrapper\">\n\t\t\t\t\t<a class=\"elementor-button elementor-button-link elementor-size-sm\" href=\"https:\/\/www.thelodgeronda.com\/es\/reserva\/\">\n\t\t\t\t\t\t<span class=\"elementor-button-content-wrapper\">\n\t\t\t\t\t\t\t\t\t<span class=\"elementor-button-text\">Reserva ahora<\/span>\n\t\t\t\t\t<\/span>\n\t\t\t\t\t<\/a>\n\t\t\t\t<\/div>\n\t\t\t\t\t\t\t\t<\/div>\n\t\t\t\t<\/div>\n\t\t\t\t\t<\/div>\n\t\t\t\t<\/div>\n\t\t<div class=\"elementor-element elementor-element-62fd677 e-flex e-con-boxed e-con e-parent\" data-id=\"62fd677\" data-element_type=\"container\">\n\t\t\t\t\t<div class=\"e-con-inner\">\n\t\t<div class=\"elementor-element elementor-element-37cd3b0 animated-slow e-flex e-con-boxed elementor-invisible e-con e-child\" data-id=\"37cd3b0\" data-element_type=\"container\" data-settings=\"{&quot;animation&quot;:&quot;fadeIn&quot;}\">\n\t\t\t\t\t<div class=\"e-con-inner\">\n\t\t\t\t<div class=\"elementor-element elementor-element-3708e7a elementor-widget elementor-widget-text-editor\" data-id=\"3708e7a\" data-element_type=\"widget\" data-widget_type=\"text-editor.default\">\n\t\t\t\t<div class=\"elementor-widget-container\">\n\t\t\t\t\t\t\t\t\t<div class=\"\" data-block=\"true\" data-editor=\"9tg9e\" data-offset-key=\"d05an-0-0\"><span data-offset-key=\"1h29e-0-1\">Gerente de la casa<\/span><\/div>\n\t\t\t\t\t\t\t\t<\/div>\n\t\t\t\t<\/div>\n\t\t\t\t<div class=\"elementor-element elementor-element-61a2c37 elementor-widget elementor-widget-heading\" data-id=\"61a2c37\" data-element_type=\"widget\" data-widget_type=\"heading.default\">\n\t\t\t\t<div class=\"elementor-widget-container\">\n\t\t\t\t\t<h2 class=\"elementor-heading-title elementor-size-default\">Javier<\/h2>\t\t\t\t<\/div>\n\t\t\t\t<\/div>\n\t\t\t\t<div class=\"elementor-element elementor-element-5bf8e5d elementor-widget elementor-widget-text-editor\" data-id=\"5bf8e5d\" data-element_type=\"widget\" data-widget_type=\"text-editor.default\">\n\t\t\t\t<div class=\"elementor-widget-container\">\n\t\t\t\t\t\t\t\t\t<p>Hola, soy Javier Barea, el Director de The Lodge.<\/p>\n<p>Estoy encantado de ser tu anfitri\u00f3n en nuestro tranquilo refugio.<br \/>Gracias a mi experiencia de 15 a\u00f1os adquirida en nuestro establecimiento, el Hotel La Fuente de la Higuera, ubicado a 7 kilometros del Lodge, crear experiencias memorables no es s\u00f3lo un trabajo para m\u00ed, es una pasi\u00f3n.<\/p>\n<p>Desde dar la bienvenida a los hu\u00e9spedes hasta asegurar reservas en los mejores restaurantes y organizar aventuras \u00fanicas como visitas a bodegas, paseos a caballo y excursiones personalizadas, me dedico a hacer que tu estancia sea realmente m\u00e1gica. Tanto si se trata de organizar relajantes sesiones de yoga, vigorizantes masajes o un transporte fluido, cada detalle est\u00e1 pensado para mejorar tu experiencia. Trabajando junto a un equipo dedicado, mantenemos los m\u00e1s altos est\u00e1ndares de servicio y hospitalidad, asegurando que tu estancia en The Lodge Ronda sea extraordinaria. Explora nuestro retiro y conoce al equipo comprometido a crear momentos inolvidables para ti. <br \/>Esperemos poder darte la bienvenida a The Lodge Ronda.<\/p>\n<p><em><strong>Javier<\/strong><\/em><\/p>\n\t\t\t\t\t\t\t\t<\/div>\n\t\t\t\t<\/div>\n\t\t\t\t<div class=\"elementor-element elementor-element-7cf09ab9 elementor-align-left elementor-widget elementor-widget-button\" data-id=\"7cf09ab9\" data-element_type=\"widget\" data-widget_type=\"button.default\">\n\t\t\t\t<div class=\"elementor-widget-container\">\n\t\t\t\t\t\t\t\t\t<div class=\"elementor-button-wrapper\">\n\t\t\t\t\t<a class=\"elementor-button elementor-button-link elementor-size-sm\" href=\"https:\/\/www.thelodgeronda.com\/es\/ubicacion-y-mapa\/\">\n\t\t\t\t\t\t<span class=\"elementor-button-content-wrapper\">\n\t\t\t\t\t\t\t\t\t<span class=\"elementor-button-text\">Ponte en contacto<\/span>\n\t\t\t\t\t<\/span>\n\t\t\t\t\t<\/a>\n\t\t\t\t<\/div>\n\t\t\t\t\t\t\t\t<\/div>\n\t\t\t\t<\/div>\n\t\t\t\t\t<\/div>\n\t\t\t\t<\/div>\n\t\t\t\t\t<\/div>\n\t\t\t\t<\/div>\n\t\t<div class=\"elementor-element elementor-element-83a6772 e-flex e-con-boxed e-con e-parent\" data-id=\"83a6772\" data-element_type=\"container\">\n\t\t\t\t\t<div class=\"e-con-inner\">\n\t\t<div class=\"elementor-element elementor-element-55c286e1 animated-slow e-flex e-con-boxed elementor-invisible e-con e-child\" data-id=\"55c286e1\" data-element_type=\"container\" data-settings=\"{&quot;animation&quot;:&quot;fadeIn&quot;,&quot;background_background&quot;:&quot;classic&quot;}\">\n\t\t\t\t\t<div class=\"e-con-inner\">\n\t\t\t\t\t<\/div>\n\t\t\t\t<\/div>\n\t\t<div class=\"elementor-element elementor-element-0d80c03 animated-slow e-flex e-con-boxed elementor-invisible e-con e-child\" data-id=\"0d80c03\" data-element_type=\"container\" data-settings=\"{&quot;animation&quot;:&quot;fadeIn&quot;}\">\n\t\t\t\t\t<div class=\"e-con-inner\">\n\t\t\t\t<div class=\"elementor-element elementor-element-db92ec0 elementor-widget elementor-widget-text-editor\" data-id=\"db92ec0\" data-element_type=\"widget\" data-widget_type=\"text-editor.default\">\n\t\t\t\t<div class=\"elementor-widget-container\">\n\t\t\t\t\t\t\t\t\t<div class=\"\" data-block=\"true\" data-editor=\"9tg9e\" data-offset-key=\"d05an-0-0\"><span data-offset-key=\"1h29e-0-1\">The parents of The Lodge<\/span><\/div>\n\t\t\t\t\t\t\t\t<\/div>\n\t\t\t\t<\/div>\n\t\t\t\t<div class=\"elementor-element elementor-element-2106ade elementor-widget elementor-widget-heading\" data-id=\"2106ade\" data-element_type=\"widget\" data-widget_type=\"heading.default\">\n\t\t\t\t<div class=\"elementor-widget-container\">\n\t\t\t\t\t<h2 class=\"elementor-heading-title elementor-size-default\">Pepi &amp; David<\/h2>\t\t\t\t<\/div>\n\t\t\t\t<\/div>\n\t\t\t\t<div class=\"elementor-element elementor-element-5228c35 elementor-widget elementor-widget-text-editor\" data-id=\"5228c35\" data-element_type=\"widget\" data-widget_type=\"text-editor.default\">\n\t\t\t\t<div class=\"elementor-widget-container\">\n\t\t\t\t\t\t\t\t\t<p>Hello!!!!!!<\/p>\n<p>We are Pepi and David and we feel like &#8216;the parents&#8217; of the lodge who protect and do things with love. Working in a good environment, good colleagues, a beautiful place that gives you so much inner calm to disconnect. What more could we ask for&#8230; just thank everyone who made us happy, THANK YOU! For making us part of THE LODGE.\u00a0<\/p>\n<p><em><strong>Pepi and David<\/strong><\/em><\/p>\n\t\t\t\t\t\t\t\t<\/div>\n\t\t\t\t<\/div>\n\t\t\t\t\t<\/div>\n\t\t\t\t<\/div>\n\t\t\t\t\t<\/div>\n\t\t\t\t<\/div>\n\t\t<div class=\"elementor-element elementor-element-45221f47 e-flex e-con-boxed e-con e-parent\" data-id=\"45221f47\" data-element_type=\"container\">\n\t\t\t\t\t<div class=\"e-con-inner\">\n\t\t\t\t<div class=\"elementor-element elementor-element-71a585f6 elementor-widget elementor-widget-heading\" data-id=\"71a585f6\" data-element_type=\"widget\" data-widget_type=\"heading.default\">\n\t\t\t\t<div class=\"elementor-widget-container\">\n\t\t\t\t\t<h1 class=\"elementor-heading-title elementor-size-default\">Ponte en contacto<\/h1>\t\t\t\t<\/div>\n\t\t\t\t<\/div>\n\t\t\t\t<div class=\"elementor-element elementor-element-56bf25 elementor-widget elementor-widget-text-editor\" data-id=\"56bf25\" data-element_type=\"widget\" data-widget_type=\"text-editor.default\">\n\t\t\t\t<div class=\"elementor-widget-container\">\n\t\t\t\t\t\t\t\t\t<p>Nuestros hu\u00e9spedes se dan un capricho extraordinario reservando toda la propiedad para unas vacaciones encantadoras, un evento privado o como localizaci\u00f3n y base para filmaciones y fotograf\u00edas que ayuden a convertir a compa\u00f1eros de viaje en amigos.<br \/><strong>Nuestro entregado equipo destaca en la organizaci\u00f3n de experiencias y la organizaci\u00f3n de distintos eventos y ocasiones.<\/strong><\/p>\n\t\t\t\t\t\t\t\t<\/div>\n\t\t\t\t<\/div>\n\t\t\t\t\t<\/div>\n\t\t\t\t<\/div>\n\t\t<div class=\"elementor-element elementor-element-2320e9c0 e-con-full e-flex e-con e-parent\" data-id=\"2320e9c0\" data-element_type=\"container\">\n\t\t\t\t<div class=\"elementor-element elementor-element-11478d1f elementor-widget-divider--view-line elementor-widget elementor-widget-divider\" data-id=\"11478d1f\" data-element_type=\"widget\" data-widget_type=\"divider.default\">\n\t\t\t\t<div class=\"elementor-widget-container\">\n\t\t\t\t\t\t\t<div class=\"elementor-divider\">\n\t\t\t<span class=\"elementor-divider-separator\">\n\t\t\t\t\t\t<\/span>\n\t\t<\/div>\n\t\t\t\t\t\t<\/div>\n\t\t\t\t<\/div>\n\t\t\t\t<div class=\"elementor-element elementor-element-5a0e4b79 elementor-widget elementor-widget-global elementor-global-1567 elementor-global-752 elementor-widget-text-editor\" data-id=\"5a0e4b79\" data-element_type=\"widget\" data-widget_type=\"text-editor.default\">\n\t\t\t\t<div class=\"elementor-widget-container\">\n\t\t\t\t\t\t\t\t\t<p>Para cualquier consulta, ponte en contacto con nosotros en el <a href=\"tel:0034615690024\"><strong>+34 615 690 024<\/strong><\/a>\u00a0o aprovecha el momento y <a href=\"https:\/\/www.thelodgeronda.com\/es\/reserva\/\"><strong>reserva ahora<\/strong><\/a>.<\/p>\n\t\t\t\t\t\t\t\t<\/div>\n\t\t\t\t<\/div>\n\t\t\t\t<div class=\"elementor-element elementor-element-181af965 elementor-widget-divider--view-line elementor-widget elementor-widget-divider\" data-id=\"181af965\" data-element_type=\"widget\" data-widget_type=\"divider.default\">\n\t\t\t\t<div class=\"elementor-widget-container\">\n\t\t\t\t\t\t\t<div class=\"elementor-divider\">\n\t\t\t<span class=\"elementor-divider-separator\">\n\t\t\t\t\t\t<\/span>\n\t\t<\/div>\n\t\t\t\t\t\t<\/div>\n\t\t\t\t<\/div>\n\t\t\t\t<\/div>\n\t\t\t\t<\/div>\n\t\t","protected":false},"excerpt":{"rendered":"<p>Conoce las caras y las historias que se esconden tras The Lodge Ronda nuestro equipo Cada miembro de nuestro equipo es un testimonio de nuestro compromiso con la hospitalidad, asegurando que tu estancia no sea s\u00f3lo una visita, sino una conexi\u00f3n con la calidez y dedicaci\u00f3n que definen a The Lodge Ronda.Descubre las personalidades que [&hellip;]<\/p>\n","protected":false},"author":1,"featured_media":1196,"parent":0,"menu_order":0,"comment_status":"closed","ping_status":"closed","template":"elementor_header_footer","meta":{"_joinchat":[],"footnotes":""},"class_list":["post-1547","page","type-page","status-publish","has-post-thumbnail","hentry"],"yoast_head":"<!-- This site is optimized with the Yoast SEO plugin v26.4 - https:\/\/yoast.com\/wordpress\/plugins\/seo\/ -->\n<title>Nuestro Equipo | The Lodge Ronda | Web Oficial<\/title>\n<meta name=\"description\" content=\"Cada miembro de nuestro equipo es un testimonio de nuestro compromiso con la hospitalidad, garantizando que tu estancia no sea s\u00f3lo una visita.\" \/>\n<meta name=\"robots\" content=\"index, follow, max-snippet:-1, max-image-preview:large, max-video-preview:-1\" \/>\n<link rel=\"canonical\" href=\"https:\/\/www.thelodgeronda.com\/es\/nuestro-equipo\/\" \/>\n<meta property=\"og:locale\" content=\"es_ES\" \/>\n<meta property=\"og:type\" content=\"article\" \/>\n<meta property=\"og:title\" content=\"Nuestro Equipo | The Lodge Ronda | Web Oficial\" \/>\n<meta property=\"og:description\" content=\"Cada miembro de nuestro equipo es un testimonio de nuestro compromiso con la hospitalidad, garantizando que tu estancia no sea s\u00f3lo una visita.\" \/>\n<meta property=\"og:url\" content=\"https:\/\/www.thelodgeronda.com\/es\/nuestro-equipo\/\" \/>\n<meta property=\"og:site_name\" content=\"The Lodge Ronda\" \/>\n<meta property=\"article:publisher\" content=\"https:\/\/www.facebook.com\/TtheLodgeRondaNearRonda\" \/>\n<meta property=\"article:modified_time\" content=\"2024-04-09T13:22:44+00:00\" \/>\n<meta property=\"og:image\" content=\"https:\/\/www.thelodgeronda.com\/wp-content\/uploads\/2023\/12\/Gardens-The-Lodge-Ronda-Guesthouse.jpeg\" \/>\n\t<meta property=\"og:image:width\" content=\"1920\" \/>\n\t<meta property=\"og:image:height\" content=\"1081\" \/>\n\t<meta property=\"og:image:type\" content=\"image\/jpeg\" \/>\n<meta name=\"twitter:card\" content=\"summary_large_image\" \/>\n<meta name=\"twitter:label1\" content=\"Tiempo de lectura\" \/>\n\t<meta name=\"twitter:data1\" content=\"2 minutos\" \/>\n<script type=\"application\/ld+json\" class=\"yoast-schema-graph\">{\"@context\":\"https:\/\/schema.org\",\"@graph\":[{\"@type\":\"WebPage\",\"@id\":\"https:\/\/www.thelodgeronda.com\/es\/nuestro-equipo\/\",\"url\":\"https:\/\/www.thelodgeronda.com\/es\/nuestro-equipo\/\",\"name\":\"Nuestro Equipo | The Lodge Ronda | Web Oficial\",\"isPartOf\":{\"@id\":\"https:\/\/www.thelodgeronda.com\/es\/#website\"},\"primaryImageOfPage\":{\"@id\":\"https:\/\/www.thelodgeronda.com\/es\/nuestro-equipo\/#primaryimage\"},\"image\":{\"@id\":\"https:\/\/www.thelodgeronda.com\/es\/nuestro-equipo\/#primaryimage\"},\"thumbnailUrl\":\"https:\/\/www.thelodgeronda.com\/wp-content\/uploads\/2023\/12\/Gardens-The-Lodge-Ronda-Guesthouse.jpeg\",\"datePublished\":\"2023-12-14T14:20:54+00:00\",\"dateModified\":\"2024-04-09T13:22:44+00:00\",\"description\":\"Cada miembro de nuestro equipo es un testimonio de nuestro compromiso con la hospitalidad, garantizando que tu estancia no sea s\u00f3lo una visita.\",\"breadcrumb\":{\"@id\":\"https:\/\/www.thelodgeronda.com\/es\/nuestro-equipo\/#breadcrumb\"},\"inLanguage\":\"es\",\"potentialAction\":[{\"@type\":\"ReadAction\",\"target\":[\"https:\/\/www.thelodgeronda.com\/es\/nuestro-equipo\/\"]}]},{\"@type\":\"ImageObject\",\"inLanguage\":\"es\",\"@id\":\"https:\/\/www.thelodgeronda.com\/es\/nuestro-equipo\/#primaryimage\",\"url\":\"https:\/\/www.thelodgeronda.com\/wp-content\/uploads\/2023\/12\/Gardens-The-Lodge-Ronda-Guesthouse.jpeg\",\"contentUrl\":\"https:\/\/www.thelodgeronda.com\/wp-content\/uploads\/2023\/12\/Gardens-The-Lodge-Ronda-Guesthouse.jpeg\",\"width\":1920,\"height\":1081},{\"@type\":\"BreadcrumbList\",\"@id\":\"https:\/\/www.thelodgeronda.com\/es\/nuestro-equipo\/#breadcrumb\",\"itemListElement\":[{\"@type\":\"ListItem\",\"position\":1,\"name\":\"Home\",\"item\":\"https:\/\/www.thelodgeronda.com\/es\/home\/\"},{\"@type\":\"ListItem\",\"position\":2,\"name\":\"Nuestro Equipo\"}]},{\"@type\":\"WebSite\",\"@id\":\"https:\/\/www.thelodgeronda.com\/es\/#website\",\"url\":\"https:\/\/www.thelodgeronda.com\/es\/\",\"name\":\"The Lodge Ronda\",\"description\":\"Luxury Guest House in Ronda | Web Official\",\"publisher\":{\"@id\":\"https:\/\/www.thelodgeronda.com\/es\/#organization\"},\"alternateName\":\"Luxury Villa in Ronda\",\"potentialAction\":[{\"@type\":\"SearchAction\",\"target\":{\"@type\":\"EntryPoint\",\"urlTemplate\":\"https:\/\/www.thelodgeronda.com\/es\/?s={search_term_string}\"},\"query-input\":{\"@type\":\"PropertyValueSpecification\",\"valueRequired\":true,\"valueName\":\"search_term_string\"}}],\"inLanguage\":\"es\"},{\"@type\":\"Organization\",\"@id\":\"https:\/\/www.thelodgeronda.com\/es\/#organization\",\"name\":\"The Lodge Ronda - Luxury Villa in Ronda\",\"alternateName\":\"Luxury Guest House in Ronda\",\"url\":\"https:\/\/www.thelodgeronda.com\/es\/\",\"logo\":{\"@type\":\"ImageObject\",\"inLanguage\":\"es\",\"@id\":\"https:\/\/www.thelodgeronda.com\/es\/#\/schema\/logo\/image\/\",\"url\":\"https:\/\/www.thelodgeronda.com\/exclusive\/wp-content\/uploads\/2023\/06\/The-Lodge-Ronda-Luxury-Guest-House-Ronda.png\",\"contentUrl\":\"https:\/\/www.thelodgeronda.com\/exclusive\/wp-content\/uploads\/2023\/06\/The-Lodge-Ronda-Luxury-Guest-House-Ronda.png\",\"width\":656,\"height\":229,\"caption\":\"The Lodge Ronda - Luxury Villa in Ronda\"},\"image\":{\"@id\":\"https:\/\/www.thelodgeronda.com\/es\/#\/schema\/logo\/image\/\"},\"sameAs\":[\"https:\/\/www.facebook.com\/TtheLodgeRondaNearRonda\",\"https:\/\/www.instagram.com\/thelodgeronda\/\"]}]}<\/script>\n<!-- \/ Yoast SEO plugin. -->","yoast_head_json":{"title":"Nuestro Equipo | The Lodge Ronda | Web Oficial","description":"Cada miembro de nuestro equipo es un testimonio de nuestro compromiso con la hospitalidad, garantizando que tu estancia no sea s\u00f3lo una visita.","robots":{"index":"index","follow":"follow","max-snippet":"max-snippet:-1","max-image-preview":"max-image-preview:large","max-video-preview":"max-video-preview:-1"},"canonical":"https:\/\/www.thelodgeronda.com\/es\/nuestro-equipo\/","og_locale":"es_ES","og_type":"article","og_title":"Nuestro Equipo | The Lodge Ronda | Web Oficial","og_description":"Cada miembro de nuestro equipo es un testimonio de nuestro compromiso con la hospitalidad, garantizando que tu estancia no sea s\u00f3lo una visita.","og_url":"https:\/\/www.thelodgeronda.com\/es\/nuestro-equipo\/","og_site_name":"The Lodge Ronda","article_publisher":"https:\/\/www.facebook.com\/TtheLodgeRondaNearRonda","article_modified_time":"2024-04-09T13:22:44+00:00","og_image":[{"width":1920,"height":1081,"url":"https:\/\/www.thelodgeronda.com\/wp-content\/uploads\/2023\/12\/Gardens-The-Lodge-Ronda-Guesthouse.jpeg","type":"image\/jpeg"}],"twitter_card":"summary_large_image","twitter_misc":{"Tiempo de lectura":"2 minutos"},"schema":{"@context":"https:\/\/schema.org","@graph":[{"@type":"WebPage","@id":"https:\/\/www.thelodgeronda.com\/es\/nuestro-equipo\/","url":"https:\/\/www.thelodgeronda.com\/es\/nuestro-equipo\/","name":"Nuestro Equipo | The Lodge Ronda | Web Oficial","isPartOf":{"@id":"https:\/\/www.thelodgeronda.com\/es\/#website"},"primaryImageOfPage":{"@id":"https:\/\/www.thelodgeronda.com\/es\/nuestro-equipo\/#primaryimage"},"image":{"@id":"https:\/\/www.thelodgeronda.com\/es\/nuestro-equipo\/#primaryimage"},"thumbnailUrl":"https:\/\/www.thelodgeronda.com\/wp-content\/uploads\/2023\/12\/Gardens-The-Lodge-Ronda-Guesthouse.jpeg","datePublished":"2023-12-14T14:20:54+00:00","dateModified":"2024-04-09T13:22:44+00:00","description":"Cada miembro de nuestro equipo es un testimonio de nuestro compromiso con la hospitalidad, garantizando que tu estancia no sea s\u00f3lo una visita.","breadcrumb":{"@id":"https:\/\/www.thelodgeronda.com\/es\/nuestro-equipo\/#breadcrumb"},"inLanguage":"es","potentialAction":[{"@type":"ReadAction","target":["https:\/\/www.thelodgeronda.com\/es\/nuestro-equipo\/"]}]},{"@type":"ImageObject","inLanguage":"es","@id":"https:\/\/www.thelodgeronda.com\/es\/nuestro-equipo\/#primaryimage","url":"https:\/\/www.thelodgeronda.com\/wp-content\/uploads\/2023\/12\/Gardens-The-Lodge-Ronda-Guesthouse.jpeg","contentUrl":"https:\/\/www.thelodgeronda.com\/wp-content\/uploads\/2023\/12\/Gardens-The-Lodge-Ronda-Guesthouse.jpeg","width":1920,"height":1081},{"@type":"BreadcrumbList","@id":"https:\/\/www.thelodgeronda.com\/es\/nuestro-equipo\/#breadcrumb","itemListElement":[{"@type":"ListItem","position":1,"name":"Home","item":"https:\/\/www.thelodgeronda.com\/es\/home\/"},{"@type":"ListItem","position":2,"name":"Nuestro Equipo"}]},{"@type":"WebSite","@id":"https:\/\/www.thelodgeronda.com\/es\/#website","url":"https:\/\/www.thelodgeronda.com\/es\/","name":"The Lodge Ronda","description":"Luxury Guest House in Ronda | Web Official","publisher":{"@id":"https:\/\/www.thelodgeronda.com\/es\/#organization"},"alternateName":"Luxury Villa in Ronda","potentialAction":[{"@type":"SearchAction","target":{"@type":"EntryPoint","urlTemplate":"https:\/\/www.thelodgeronda.com\/es\/?s={search_term_string}"},"query-input":{"@type":"PropertyValueSpecification","valueRequired":true,"valueName":"search_term_string"}}],"inLanguage":"es"},{"@type":"Organization","@id":"https:\/\/www.thelodgeronda.com\/es\/#organization","name":"The Lodge Ronda - Luxury Villa in Ronda","alternateName":"Luxury Guest House in Ronda","url":"https:\/\/www.thelodgeronda.com\/es\/","logo":{"@type":"ImageObject","inLanguage":"es","@id":"https:\/\/www.thelodgeronda.com\/es\/#\/schema\/logo\/image\/","url":"https:\/\/www.thelodgeronda.com\/exclusive\/wp-content\/uploads\/2023\/06\/The-Lodge-Ronda-Luxury-Guest-House-Ronda.png","contentUrl":"https:\/\/www.thelodgeronda.com\/exclusive\/wp-content\/uploads\/2023\/06\/The-Lodge-Ronda-Luxury-Guest-House-Ronda.png","width":656,"height":229,"caption":"The Lodge Ronda - Luxury Villa in Ronda"},"image":{"@id":"https:\/\/www.thelodgeronda.com\/es\/#\/schema\/logo\/image\/"},"sameAs":["https:\/\/www.facebook.com\/TtheLodgeRondaNearRonda","https:\/\/www.instagram.com\/thelodgeronda\/"]}]}},"_links":{"self":[{"href":"https:\/\/www.thelodgeronda.com\/es\/wp-json\/wp\/v2\/pages\/1547","targetHints":{"allow":["GET"]}}],"collection":[{"href":"https:\/\/www.thelodgeronda.com\/es\/wp-json\/wp\/v2\/pages"}],"about":[{"href":"https:\/\/www.thelodgeronda.com\/es\/wp-json\/wp\/v2\/types\/page"}],"author":[{"embeddable":true,"href":"https:\/\/www.thelodgeronda.com\/es\/wp-json\/wp\/v2\/users\/1"}],"replies":[{"embeddable":true,"href":"https:\/\/www.thelodgeronda.com\/es\/wp-json\/wp\/v2\/comments?post=1547"}],"version-history":[{"count":12,"href":"https:\/\/www.thelodgeronda.com\/es\/wp-json\/wp\/v2\/pages\/1547\/revisions"}],"predecessor-version":[{"id":1730,"href":"https:\/\/www.thelodgeronda.com\/es\/wp-json\/wp\/v2\/pages\/1547\/revisions\/1730"}],"wp:featuredmedia":[{"embeddable":true,"href":"https:\/\/www.thelodgeronda.com\/es\/wp-json\/wp\/v2\/media\/1196"}],"wp:attachment":[{"href":"https:\/\/www.thelodgeronda.com\/es\/wp-json\/wp\/v2\/media?parent=1547"}],"curies":[{"name":"wp","href":"https:\/\/api.w.org\/{rel}","templated":true}]}}