{"id":1514,"date":"2023-12-14T14:02:15","date_gmt":"2023-12-14T14:02:15","guid":{"rendered":"https:\/\/www.thelodgeronda.com\/sobre-the-lodge\/"},"modified":"2025-08-27T13:20:37","modified_gmt":"2025-08-27T12:20:37","slug":"sobre-the-lodge","status":"publish","type":"page","link":"https:\/\/www.thelodgeronda.com\/es\/sobre-the-lodge\/","title":{"rendered":"Sobre The Lodge"},"content":{"rendered":"\t\t<div data-elementor-type=\"wp-page\" data-elementor-id=\"1514\" class=\"elementor elementor-1514 elementor-749\" data-elementor-post-type=\"page\">\n\t\t\t\t<div class=\"elementor-element elementor-element-6096fae0 e-flex e-con-boxed e-con e-parent\" data-id=\"6096fae0\" data-element_type=\"container\" data-settings=\"{&quot;background_background&quot;:&quot;classic&quot;}\">\n\t\t\t\t\t<div class=\"e-con-inner\">\n\t\t\t\t\t<\/div>\n\t\t\t\t<\/div>\n\t\t<div class=\"elementor-element elementor-element-6f0f2313 e-flex e-con-boxed e-con e-parent\" data-id=\"6f0f2313\" data-element_type=\"container\">\n\t\t\t\t\t<div class=\"e-con-inner\">\n\t\t\t\t<div class=\"elementor-element elementor-element-32e2e760 elementor-widget elementor-widget-heading\" data-id=\"32e2e760\" data-element_type=\"widget\" data-widget_type=\"heading.default\">\n\t\t\t\t<div class=\"elementor-widget-container\">\n\t\t\t\t\t<h1 class=\"elementor-heading-title elementor-size-default\">Tu refugio rural en la Serran\u00eda de Ronda<\/h1>\t\t\t\t<\/div>\n\t\t\t\t<\/div>\n\t\t\t\t<div class=\"elementor-element elementor-element-72ab4d06 animated-slow elementor-invisible elementor-widget elementor-widget-text-editor\" data-id=\"72ab4d06\" data-element_type=\"widget\" data-settings=\"{&quot;_animation&quot;:&quot;fadeIn&quot;}\" data-widget_type=\"text-editor.default\">\n\t\t\t\t<div class=\"elementor-widget-container\">\n\t\t\t\t\t\t\t\t\t<p>Situado en la hermosa campi\u00f1a de la Serran\u00eda de Ronda Andaluza, el albergue se encuentra junto a parques nacionales y los famosos y pintorescos pueblos blancos.<br \/>Una escapada tranquila con un ambiente c\u00e1lido, que fusiona el encanto de un hotel de lujo con la intimidad de una casa privada.<br \/>A tan solo un corto trayecto en coche de la encantadora ciudad hist\u00f3rica de Ronda, The Lodge sirve como lugar ideal desde el que sumergirse en las maravillas de Andaluc\u00eda.<br \/>Ya sea dej\u00e1ndose cautivar por los paisajes o descubriendo el rico patrimonio cultural, The Lodge ofrece una base perfecta desde la que emprender su viaje por esta extraordinaria regi\u00f3n.<\/p>\n\t\t\t\t\t\t\t\t<\/div>\n\t\t\t\t<\/div>\n\t\t\t\t<div class=\"elementor-element elementor-element-3879b1d elementor-align-center animated-slow elementor-invisible elementor-widget elementor-widget-button\" data-id=\"3879b1d\" data-element_type=\"widget\" data-settings=\"{&quot;_animation&quot;:&quot;fadeIn&quot;}\" data-widget_type=\"button.default\">\n\t\t\t\t<div class=\"elementor-widget-container\">\n\t\t\t\t\t\t\t\t\t<div class=\"elementor-button-wrapper\">\n\t\t\t\t\t<a class=\"elementor-button elementor-button-link elementor-size-sm\" href=\"https:\/\/www.thelodgeronda.com\/es\/reserva\/\">\n\t\t\t\t\t\t<span class=\"elementor-button-content-wrapper\">\n\t\t\t\t\t\t\t\t\t<span class=\"elementor-button-text\">Reserva ahora<\/span>\n\t\t\t\t\t<\/span>\n\t\t\t\t\t<\/a>\n\t\t\t\t<\/div>\n\t\t\t\t\t\t\t\t<\/div>\n\t\t\t\t<\/div>\n\t\t\t\t\t<\/div>\n\t\t\t\t<\/div>\n\t\t<div class=\"elementor-element elementor-element-77625022 e-flex e-con-boxed e-con e-parent\" data-id=\"77625022\" data-element_type=\"container\">\n\t\t\t\t\t<div class=\"e-con-inner\">\n\t\t<div class=\"elementor-element elementor-element-60823092 e-con-full animated-slow e-flex elementor-invisible e-con e-child\" data-id=\"60823092\" data-element_type=\"container\" data-settings=\"{&quot;background_background&quot;:&quot;classic&quot;,&quot;animation&quot;:&quot;fadeIn&quot;}\">\n\t\t\t\t<\/div>\n\t\t<div class=\"elementor-element elementor-element-3ba4f3fd animated-slow e-flex e-con-boxed elementor-invisible e-con e-child\" data-id=\"3ba4f3fd\" data-element_type=\"container\" data-settings=\"{&quot;animation&quot;:&quot;fadeIn&quot;}\">\n\t\t\t\t\t<div class=\"e-con-inner\">\n\t\t\t\t<div class=\"elementor-element elementor-element-488c0217 elementor-widget elementor-widget-heading\" data-id=\"488c0217\" data-element_type=\"widget\" data-widget_type=\"heading.default\">\n\t\t\t\t<div class=\"elementor-widget-container\">\n\t\t\t\t\t<h2 class=\"elementor-heading-title elementor-size-default\">Un espacio privado con todo lo que necesitas<\/h2>\t\t\t\t<\/div>\n\t\t\t\t<\/div>\n\t\t\t\t<div class=\"elementor-element elementor-element-22ef52d6 elementor-widget elementor-widget-text-editor\" data-id=\"22ef52d6\" data-element_type=\"widget\" data-widget_type=\"text-editor.default\">\n\t\t\t\t<div class=\"elementor-widget-container\">\n\t\t\t\t\t\t\t\t\t<p>En The Lodge, contamos con una selecci\u00f3n de instalaciones para aquellos que buscan relajarse al tiempo que mantienen su forma f\u00edsica y bienestar. Tanto dentro como fuera de la villa, se puede hacer uso de las rutas de senderismo, alquilar una bicicleta o una bicicleta el\u00e9ctrica, montar a caballo y jugar al tenis, mientras que dentro de la villa, una espaciosa sala con espejos ofrece el espacio perfecto para clases privadas de pilates y yoga, entrenamiento con pesas, boxeo o entrenar seg\u00fan tu propio programa.<br \/>Tanto si prefieres un masaje rejuvenecedor como si deseas someterte a una rutina completa de fitness, nuestro amable y atento encargado de la casa puede ayudarte a organizar y reservar tus citas de bienestar.<br \/>Ponte en contacto con nosotros y comienza tu viaje hacia el bienestar.<\/p>\n\t\t\t\t\t\t\t\t<\/div>\n\t\t\t\t<\/div>\n\t\t\t\t<div class=\"elementor-element elementor-element-5ea8fb24 elementor-align-left elementor-widget elementor-widget-button\" data-id=\"5ea8fb24\" data-element_type=\"widget\" data-widget_type=\"button.default\">\n\t\t\t\t<div class=\"elementor-widget-container\">\n\t\t\t\t\t\t\t\t\t<div class=\"elementor-button-wrapper\">\n\t\t\t\t\t<a class=\"elementor-button elementor-button-link elementor-size-sm\" href=\"https:\/\/www.thelodgeronda.com\/es\/instalaciones-de-the-lodge\/\">\n\t\t\t\t\t\t<span class=\"elementor-button-content-wrapper\">\n\t\t\t\t\t\t\t\t\t<span class=\"elementor-button-text\">Descubre m\u00e1s<\/span>\n\t\t\t\t\t<\/span>\n\t\t\t\t\t<\/a>\n\t\t\t\t<\/div>\n\t\t\t\t\t\t\t\t<\/div>\n\t\t\t\t<\/div>\n\t\t\t\t\t<\/div>\n\t\t\t\t<\/div>\n\t\t\t\t\t<\/div>\n\t\t\t\t<\/div>\n\t\t<div class=\"elementor-element elementor-element-487bc57 e-flex e-con-boxed e-con e-parent\" data-id=\"487bc57\" data-element_type=\"container\">\n\t\t\t\t\t<div class=\"e-con-inner\">\n\t\t<div class=\"elementor-element elementor-element-c352198 animated-slow e-flex e-con-boxed elementor-invisible e-con e-child\" data-id=\"c352198\" data-element_type=\"container\" data-settings=\"{&quot;animation&quot;:&quot;fadeIn&quot;}\">\n\t\t\t\t\t<div class=\"e-con-inner\">\n\t\t\t\t<div class=\"elementor-element elementor-element-69fb21b elementor-widget elementor-widget-heading\" data-id=\"69fb21b\" data-element_type=\"widget\" data-widget_type=\"heading.default\">\n\t\t\t\t<div class=\"elementor-widget-container\">\n\t\t\t\t\t<h2 class=\"elementor-heading-title elementor-size-default\">despierta con la belleza de Andaluc\u00eda<\/h2>\t\t\t\t<\/div>\n\t\t\t\t<\/div>\n\t\t\t\t<div class=\"elementor-element elementor-element-aaaf9d6 elementor-widget elementor-widget-text-editor\" data-id=\"aaaf9d6\" data-element_type=\"widget\" data-widget_type=\"text-editor.default\">\n\t\t\t\t<div class=\"elementor-widget-container\">\n\t\t\t\t\t\t\t\t\t<p>Nuestras siete habitaciones est\u00e1n dise\u00f1adas para ser luminosas, espaciosas y relajantes, y est\u00e1n equipadas con calefacci\u00f3n central y aire acondicionado para garantizar el m\u00e1ximo confort. Elije entre cuatro camas de matrimonio y seis camas individuales, para un m\u00e1ximo de 14 hu\u00e9spedes.<\/p>\n\t\t\t\t\t\t\t\t<\/div>\n\t\t\t\t<\/div>\n\t\t\t\t<div class=\"elementor-element elementor-element-06adeb8 elementor-align-left elementor-widget elementor-widget-button\" data-id=\"06adeb8\" data-element_type=\"widget\" data-widget_type=\"button.default\">\n\t\t\t\t<div class=\"elementor-widget-container\">\n\t\t\t\t\t\t\t\t\t<div class=\"elementor-button-wrapper\">\n\t\t\t\t\t<a class=\"elementor-button elementor-button-link elementor-size-sm\" href=\"https:\/\/www.thelodgeronda.com\/es\/nuestras-habitaciones\/\">\n\t\t\t\t\t\t<span class=\"elementor-button-content-wrapper\">\n\t\t\t\t\t\t\t\t\t<span class=\"elementor-button-text\">Explora las habitaciones<\/span>\n\t\t\t\t\t<\/span>\n\t\t\t\t\t<\/a>\n\t\t\t\t<\/div>\n\t\t\t\t\t\t\t\t<\/div>\n\t\t\t\t<\/div>\n\t\t\t\t\t<\/div>\n\t\t\t\t<\/div>\n\t\t<div class=\"elementor-element elementor-element-530b8ff e-con-full animated-slow e-flex elementor-invisible e-con e-child\" data-id=\"530b8ff\" data-element_type=\"container\" data-settings=\"{&quot;background_background&quot;:&quot;classic&quot;,&quot;animation&quot;:&quot;fadeIn&quot;}\">\n\t\t\t\t<\/div>\n\t\t\t\t\t<\/div>\n\t\t\t\t<\/div>\n\t\t<div class=\"elementor-element elementor-element-c3303cc e-flex e-con-boxed e-con e-parent\" data-id=\"c3303cc\" data-element_type=\"container\">\n\t\t\t\t\t<div class=\"e-con-inner\">\n\t\t<div class=\"elementor-element elementor-element-1d5b3c7 animated-slow e-con-full e-flex elementor-invisible e-con e-child\" data-id=\"1d5b3c7\" data-element_type=\"container\" data-settings=\"{&quot;animation&quot;:&quot;fadeIn&quot;}\">\n\t\t\t\t<div class=\"elementor-element elementor-element-0bcdf5a elementor-widget elementor-widget-heading\" data-id=\"0bcdf5a\" data-element_type=\"widget\" data-widget_type=\"heading.default\">\n\t\t\t\t<div class=\"elementor-widget-container\">\n\t\t\t\t\t<h2 class=\"elementor-heading-title elementor-size-default\">INSTALACIONES FAMILIARES<\/h2>\t\t\t\t<\/div>\n\t\t\t\t<\/div>\n\t\t\t\t<div class=\"elementor-element elementor-element-9c40951 elementor-widget elementor-widget-text-editor\" data-id=\"9c40951\" data-element_type=\"widget\" data-widget_type=\"text-editor.default\">\n\t\t\t\t<div class=\"elementor-widget-container\">\n\t\t\t\t\t\t\t\t\t<p>En The Lodge, somos conscientes de la importancia de crear un entorno acogedor para que las familias disfruten juntas de un tiempo de calidad. Nuestras instalaciones familiares est\u00e1n pensadas para todas las edades, por lo que todos los miembros de la familia disfrutar\u00e1n de una experiencia inolvidable.<br \/>Desde habitaciones amplias y c\u00f3modas hasta opciones gastron\u00f3micas adaptadas a los ni\u00f1os, hemos dise\u00f1ado nuestros alojamientos y servicios pensando en tu familia.<br \/>Nuestros exuberantes jardines ofrecen un amplio espacio para que los ni\u00f1os jueguen y exploren, mientras que los padres pueden relajarse sabiendo que sus peque\u00f1os est\u00e1n seguros dentro de nuestros cuidados terrenos.<br \/>Ya se trate de un refrescante chapuz\u00f3n en la piscina, de actividades para toda la familia o simplemente de disfrutar juntos de una deliciosa comida, The Lodge ofrece un refugio perfecto para familias que buscan lujo con los pies en la tierra y momentos inolvidables.<\/p>\n\t\t\t\t\t\t\t\t<\/div>\n\t\t\t\t<\/div>\n\t\t\t\t<div class=\"elementor-element elementor-element-5559a38 elementor-align-left elementor-widget elementor-widget-button\" data-id=\"5559a38\" data-element_type=\"widget\" data-widget_type=\"button.default\">\n\t\t\t\t<div class=\"elementor-widget-container\">\n\t\t\t\t\t\t\t\t\t<div class=\"elementor-button-wrapper\">\n\t\t\t\t\t<a class=\"elementor-button elementor-button-link elementor-size-sm\" href=\"https:\/\/www.thelodgeronda.com\/es\/reserva\/\">\n\t\t\t\t\t\t<span class=\"elementor-button-content-wrapper\">\n\t\t\t\t\t\t\t\t\t<span class=\"elementor-button-text\">Reserva ahora<\/span>\n\t\t\t\t\t<\/span>\n\t\t\t\t\t<\/a>\n\t\t\t\t<\/div>\n\t\t\t\t\t\t\t\t<\/div>\n\t\t\t\t<\/div>\n\t\t\t\t<\/div>\n\t\t<div class=\"elementor-element elementor-element-6392fb5 e-con-full animated-slow e-flex elementor-invisible e-con e-child\" data-id=\"6392fb5\" data-element_type=\"container\" data-settings=\"{&quot;background_background&quot;:&quot;classic&quot;,&quot;animation&quot;:&quot;fadeIn&quot;}\">\n\t\t\t\t<\/div>\n\t\t\t\t\t<\/div>\n\t\t\t\t<\/div>\n\t\t<div class=\"elementor-element elementor-element-3eb3da2c e-flex e-con-boxed e-con e-parent\" data-id=\"3eb3da2c\" data-element_type=\"container\">\n\t\t\t\t\t<div class=\"e-con-inner\">\n\t\t\t\t<div class=\"elementor-element elementor-element-7c06facc elementor-widget elementor-widget-heading\" data-id=\"7c06facc\" data-element_type=\"widget\" data-widget_type=\"heading.default\">\n\t\t\t\t<div class=\"elementor-widget-container\">\n\t\t\t\t\t<h1 class=\"elementor-heading-title elementor-size-default\">Ponte en contacto<\/h1>\t\t\t\t<\/div>\n\t\t\t\t<\/div>\n\t\t\t\t<div class=\"elementor-element elementor-element-748b98cc elementor-widget elementor-widget-text-editor\" data-id=\"748b98cc\" data-element_type=\"widget\" data-widget_type=\"text-editor.default\">\n\t\t\t\t<div class=\"elementor-widget-container\">\n\t\t\t\t\t\t\t\t\t<p>Nuestros hu\u00e9spedes se dan un capricho extraordinario reservando toda la propiedad para unas vacaciones encantadoras, un evento privado o como localizaci\u00f3n y base para filmaciones y fotograf\u00edas que ayuden a convertir a compa\u00f1eros de viaje en amigos.<br \/><strong>Nuestro entregado equipo destaca en la organizaci\u00f3n de experiencias y la organizaci\u00f3n de distintos eventos y ocasiones.<\/strong><\/p>\n\t\t\t\t\t\t\t\t<\/div>\n\t\t\t\t<\/div>\n\t\t\t\t\t<\/div>\n\t\t\t\t<\/div>\n\t\t<div class=\"elementor-element elementor-element-48a0bf9b e-con-full e-flex e-con e-parent\" data-id=\"48a0bf9b\" data-element_type=\"container\">\n\t\t\t\t<div class=\"elementor-element elementor-element-65f1adc4 elementor-widget-divider--view-line elementor-widget elementor-widget-divider\" data-id=\"65f1adc4\" data-element_type=\"widget\" data-widget_type=\"divider.default\">\n\t\t\t\t<div class=\"elementor-widget-container\">\n\t\t\t\t\t\t\t<div class=\"elementor-divider\">\n\t\t\t<span class=\"elementor-divider-separator\">\n\t\t\t\t\t\t<\/span>\n\t\t<\/div>\n\t\t\t\t\t\t<\/div>\n\t\t\t\t<\/div>\n\t\t\t\t<div class=\"elementor-element elementor-element-3a55192 elementor-widget elementor-widget-global elementor-global-1567 elementor-global-752 elementor-widget-text-editor\" data-id=\"3a55192\" data-element_type=\"widget\" data-widget_type=\"text-editor.default\">\n\t\t\t\t<div class=\"elementor-widget-container\">\n\t\t\t\t\t\t\t\t\t<p>Para cualquier consulta, ponte en contacto con nosotros en el <a href=\"tel:0034615690024\"><strong>+34 615 690 024<\/strong><\/a>\u00a0o aprovecha el momento y <a href=\"https:\/\/www.thelodgeronda.com\/es\/reserva\/\"><strong>reserva ahora<\/strong><\/a>.<\/p>\n\t\t\t\t\t\t\t\t<\/div>\n\t\t\t\t<\/div>\n\t\t\t\t<div class=\"elementor-element elementor-element-7c13dacf elementor-widget-divider--view-line elementor-widget elementor-widget-divider\" data-id=\"7c13dacf\" data-element_type=\"widget\" data-widget_type=\"divider.default\">\n\t\t\t\t<div class=\"elementor-widget-container\">\n\t\t\t\t\t\t\t<div class=\"elementor-divider\">\n\t\t\t<span class=\"elementor-divider-separator\">\n\t\t\t\t\t\t<\/span>\n\t\t<\/div>\n\t\t\t\t\t\t<\/div>\n\t\t\t\t<\/div>\n\t\t\t\t<\/div>\n\t\t\t\t<\/div>\n\t\t","protected":false},"excerpt":{"rendered":"<p>Tu refugio rural en la Serran\u00eda de Ronda Situado en la hermosa campi\u00f1a de la Serran\u00eda de Ronda Andaluza, el albergue se encuentra junto a parques nacionales y los famosos y pintorescos pueblos blancos.Una escapada tranquila con un ambiente c\u00e1lido, que fusiona el encanto de un hotel de lujo con la intimidad de una casa [&hellip;]<\/p>\n","protected":false},"author":1,"featured_media":1018,"parent":0,"menu_order":0,"comment_status":"closed","ping_status":"closed","template":"elementor_header_footer","meta":{"_joinchat":[],"footnotes":""},"class_list":["post-1514","page","type-page","status-publish","has-post-thumbnail","hentry"],"yoast_head":"<!-- This site is optimized with the Yoast SEO plugin v26.4 - https:\/\/yoast.com\/wordpress\/plugins\/seo\/ -->\n<title>Sobre The Lodge | The Lodge Ronda | Web Oficial<\/title>\n<meta name=\"description\" content=\"En The Lodge, contamos con una selecci\u00f3n de instalaciones para aquellos que buscan relajarse al tiempo que mantienen su forma f\u00edsica y bienestar.\" \/>\n<meta name=\"robots\" content=\"index, follow, max-snippet:-1, max-image-preview:large, max-video-preview:-1\" \/>\n<link rel=\"canonical\" href=\"https:\/\/www.thelodgeronda.com\/es\/sobre-the-lodge\/\" \/>\n<meta property=\"og:locale\" content=\"es_ES\" \/>\n<meta property=\"og:type\" content=\"article\" \/>\n<meta property=\"og:title\" content=\"Sobre The Lodge | The Lodge Ronda | Web Oficial\" \/>\n<meta property=\"og:description\" content=\"En The Lodge, contamos con una selecci\u00f3n de instalaciones para aquellos que buscan relajarse al tiempo que mantienen su forma f\u00edsica y bienestar.\" \/>\n<meta property=\"og:url\" content=\"https:\/\/www.thelodgeronda.com\/es\/sobre-the-lodge\/\" \/>\n<meta property=\"og:site_name\" content=\"The Lodge Ronda\" \/>\n<meta property=\"article:publisher\" content=\"https:\/\/www.facebook.com\/TtheLodgeRondaNearRonda\" \/>\n<meta property=\"article:modified_time\" content=\"2025-08-27T12:20:37+00:00\" \/>\n<meta property=\"og:image\" content=\"https:\/\/www.thelodgeronda.com\/wp-content\/uploads\/2023\/12\/About-the-Lodge-Ronda-Rural-Retreat.jpg\" \/>\n\t<meta property=\"og:image:width\" content=\"1790\" \/>\n\t<meta property=\"og:image:height\" content=\"1008\" \/>\n\t<meta property=\"og:image:type\" content=\"image\/jpeg\" \/>\n<meta name=\"twitter:card\" content=\"summary_large_image\" \/>\n<meta name=\"twitter:label1\" content=\"Tiempo de lectura\" \/>\n\t<meta name=\"twitter:data1\" content=\"3 minutos\" \/>\n<script type=\"application\/ld+json\" class=\"yoast-schema-graph\">{\"@context\":\"https:\/\/schema.org\",\"@graph\":[{\"@type\":\"WebPage\",\"@id\":\"https:\/\/www.thelodgeronda.com\/es\/sobre-the-lodge\/\",\"url\":\"https:\/\/www.thelodgeronda.com\/es\/sobre-the-lodge\/\",\"name\":\"Sobre The Lodge | The Lodge Ronda | Web Oficial\",\"isPartOf\":{\"@id\":\"https:\/\/www.thelodgeronda.com\/es\/#website\"},\"primaryImageOfPage\":{\"@id\":\"https:\/\/www.thelodgeronda.com\/es\/sobre-the-lodge\/#primaryimage\"},\"image\":{\"@id\":\"https:\/\/www.thelodgeronda.com\/es\/sobre-the-lodge\/#primaryimage\"},\"thumbnailUrl\":\"https:\/\/www.thelodgeronda.com\/wp-content\/uploads\/2023\/12\/About-the-Lodge-Ronda-Rural-Retreat.jpg\",\"datePublished\":\"2023-12-14T14:02:15+00:00\",\"dateModified\":\"2025-08-27T12:20:37+00:00\",\"description\":\"En The Lodge, contamos con una selecci\u00f3n de instalaciones para aquellos que buscan relajarse al tiempo que mantienen su forma f\u00edsica y bienestar.\",\"breadcrumb\":{\"@id\":\"https:\/\/www.thelodgeronda.com\/es\/sobre-the-lodge\/#breadcrumb\"},\"inLanguage\":\"es\",\"potentialAction\":[{\"@type\":\"ReadAction\",\"target\":[\"https:\/\/www.thelodgeronda.com\/es\/sobre-the-lodge\/\"]}]},{\"@type\":\"ImageObject\",\"inLanguage\":\"es\",\"@id\":\"https:\/\/www.thelodgeronda.com\/es\/sobre-the-lodge\/#primaryimage\",\"url\":\"https:\/\/www.thelodgeronda.com\/wp-content\/uploads\/2023\/12\/About-the-Lodge-Ronda-Rural-Retreat.jpg\",\"contentUrl\":\"https:\/\/www.thelodgeronda.com\/wp-content\/uploads\/2023\/12\/About-the-Lodge-Ronda-Rural-Retreat.jpg\",\"width\":1790,\"height\":1008},{\"@type\":\"BreadcrumbList\",\"@id\":\"https:\/\/www.thelodgeronda.com\/es\/sobre-the-lodge\/#breadcrumb\",\"itemListElement\":[{\"@type\":\"ListItem\",\"position\":1,\"name\":\"Home\",\"item\":\"https:\/\/www.thelodgeronda.com\/es\/home\/\"},{\"@type\":\"ListItem\",\"position\":2,\"name\":\"Sobre The Lodge\"}]},{\"@type\":\"WebSite\",\"@id\":\"https:\/\/www.thelodgeronda.com\/es\/#website\",\"url\":\"https:\/\/www.thelodgeronda.com\/es\/\",\"name\":\"The Lodge Ronda\",\"description\":\"Luxury Guest House in Ronda | Web Official\",\"publisher\":{\"@id\":\"https:\/\/www.thelodgeronda.com\/es\/#organization\"},\"alternateName\":\"Luxury Villa in Ronda\",\"potentialAction\":[{\"@type\":\"SearchAction\",\"target\":{\"@type\":\"EntryPoint\",\"urlTemplate\":\"https:\/\/www.thelodgeronda.com\/es\/?s={search_term_string}\"},\"query-input\":{\"@type\":\"PropertyValueSpecification\",\"valueRequired\":true,\"valueName\":\"search_term_string\"}}],\"inLanguage\":\"es\"},{\"@type\":\"Organization\",\"@id\":\"https:\/\/www.thelodgeronda.com\/es\/#organization\",\"name\":\"The Lodge Ronda - Luxury Villa in Ronda\",\"alternateName\":\"Luxury Guest House in Ronda\",\"url\":\"https:\/\/www.thelodgeronda.com\/es\/\",\"logo\":{\"@type\":\"ImageObject\",\"inLanguage\":\"es\",\"@id\":\"https:\/\/www.thelodgeronda.com\/es\/#\/schema\/logo\/image\/\",\"url\":\"https:\/\/www.thelodgeronda.com\/exclusive\/wp-content\/uploads\/2023\/06\/The-Lodge-Ronda-Luxury-Guest-House-Ronda.png\",\"contentUrl\":\"https:\/\/www.thelodgeronda.com\/exclusive\/wp-content\/uploads\/2023\/06\/The-Lodge-Ronda-Luxury-Guest-House-Ronda.png\",\"width\":656,\"height\":229,\"caption\":\"The Lodge Ronda - Luxury Villa in Ronda\"},\"image\":{\"@id\":\"https:\/\/www.thelodgeronda.com\/es\/#\/schema\/logo\/image\/\"},\"sameAs\":[\"https:\/\/www.facebook.com\/TtheLodgeRondaNearRonda\",\"https:\/\/www.instagram.com\/thelodgeronda\/\"]}]}<\/script>\n<!-- \/ Yoast SEO plugin. -->","yoast_head_json":{"title":"Sobre The Lodge | The Lodge Ronda | Web Oficial","description":"En The Lodge, contamos con una selecci\u00f3n de instalaciones para aquellos que buscan relajarse al tiempo que mantienen su forma f\u00edsica y bienestar.","robots":{"index":"index","follow":"follow","max-snippet":"max-snippet:-1","max-image-preview":"max-image-preview:large","max-video-preview":"max-video-preview:-1"},"canonical":"https:\/\/www.thelodgeronda.com\/es\/sobre-the-lodge\/","og_locale":"es_ES","og_type":"article","og_title":"Sobre The Lodge | The Lodge Ronda | Web Oficial","og_description":"En The Lodge, contamos con una selecci\u00f3n de instalaciones para aquellos que buscan relajarse al tiempo que mantienen su forma f\u00edsica y bienestar.","og_url":"https:\/\/www.thelodgeronda.com\/es\/sobre-the-lodge\/","og_site_name":"The Lodge Ronda","article_publisher":"https:\/\/www.facebook.com\/TtheLodgeRondaNearRonda","article_modified_time":"2025-08-27T12:20:37+00:00","og_image":[{"width":1790,"height":1008,"url":"https:\/\/www.thelodgeronda.com\/wp-content\/uploads\/2023\/12\/About-the-Lodge-Ronda-Rural-Retreat.jpg","type":"image\/jpeg"}],"twitter_card":"summary_large_image","twitter_misc":{"Tiempo de lectura":"3 minutos"},"schema":{"@context":"https:\/\/schema.org","@graph":[{"@type":"WebPage","@id":"https:\/\/www.thelodgeronda.com\/es\/sobre-the-lodge\/","url":"https:\/\/www.thelodgeronda.com\/es\/sobre-the-lodge\/","name":"Sobre The Lodge | The Lodge Ronda | Web Oficial","isPartOf":{"@id":"https:\/\/www.thelodgeronda.com\/es\/#website"},"primaryImageOfPage":{"@id":"https:\/\/www.thelodgeronda.com\/es\/sobre-the-lodge\/#primaryimage"},"image":{"@id":"https:\/\/www.thelodgeronda.com\/es\/sobre-the-lodge\/#primaryimage"},"thumbnailUrl":"https:\/\/www.thelodgeronda.com\/wp-content\/uploads\/2023\/12\/About-the-Lodge-Ronda-Rural-Retreat.jpg","datePublished":"2023-12-14T14:02:15+00:00","dateModified":"2025-08-27T12:20:37+00:00","description":"En The Lodge, contamos con una selecci\u00f3n de instalaciones para aquellos que buscan relajarse al tiempo que mantienen su forma f\u00edsica y bienestar.","breadcrumb":{"@id":"https:\/\/www.thelodgeronda.com\/es\/sobre-the-lodge\/#breadcrumb"},"inLanguage":"es","potentialAction":[{"@type":"ReadAction","target":["https:\/\/www.thelodgeronda.com\/es\/sobre-the-lodge\/"]}]},{"@type":"ImageObject","inLanguage":"es","@id":"https:\/\/www.thelodgeronda.com\/es\/sobre-the-lodge\/#primaryimage","url":"https:\/\/www.thelodgeronda.com\/wp-content\/uploads\/2023\/12\/About-the-Lodge-Ronda-Rural-Retreat.jpg","contentUrl":"https:\/\/www.thelodgeronda.com\/wp-content\/uploads\/2023\/12\/About-the-Lodge-Ronda-Rural-Retreat.jpg","width":1790,"height":1008},{"@type":"BreadcrumbList","@id":"https:\/\/www.thelodgeronda.com\/es\/sobre-the-lodge\/#breadcrumb","itemListElement":[{"@type":"ListItem","position":1,"name":"Home","item":"https:\/\/www.thelodgeronda.com\/es\/home\/"},{"@type":"ListItem","position":2,"name":"Sobre The Lodge"}]},{"@type":"WebSite","@id":"https:\/\/www.thelodgeronda.com\/es\/#website","url":"https:\/\/www.thelodgeronda.com\/es\/","name":"The Lodge Ronda","description":"Luxury Guest House in Ronda | Web Official","publisher":{"@id":"https:\/\/www.thelodgeronda.com\/es\/#organization"},"alternateName":"Luxury Villa in Ronda","potentialAction":[{"@type":"SearchAction","target":{"@type":"EntryPoint","urlTemplate":"https:\/\/www.thelodgeronda.com\/es\/?s={search_term_string}"},"query-input":{"@type":"PropertyValueSpecification","valueRequired":true,"valueName":"search_term_string"}}],"inLanguage":"es"},{"@type":"Organization","@id":"https:\/\/www.thelodgeronda.com\/es\/#organization","name":"The Lodge Ronda - Luxury Villa in Ronda","alternateName":"Luxury Guest House in Ronda","url":"https:\/\/www.thelodgeronda.com\/es\/","logo":{"@type":"ImageObject","inLanguage":"es","@id":"https:\/\/www.thelodgeronda.com\/es\/#\/schema\/logo\/image\/","url":"https:\/\/www.thelodgeronda.com\/exclusive\/wp-content\/uploads\/2023\/06\/The-Lodge-Ronda-Luxury-Guest-House-Ronda.png","contentUrl":"https:\/\/www.thelodgeronda.com\/exclusive\/wp-content\/uploads\/2023\/06\/The-Lodge-Ronda-Luxury-Guest-House-Ronda.png","width":656,"height":229,"caption":"The Lodge Ronda - Luxury Villa in Ronda"},"image":{"@id":"https:\/\/www.thelodgeronda.com\/es\/#\/schema\/logo\/image\/"},"sameAs":["https:\/\/www.facebook.com\/TtheLodgeRondaNearRonda","https:\/\/www.instagram.com\/thelodgeronda\/"]}]}},"_links":{"self":[{"href":"https:\/\/www.thelodgeronda.com\/es\/wp-json\/wp\/v2\/pages\/1514","targetHints":{"allow":["GET"]}}],"collection":[{"href":"https:\/\/www.thelodgeronda.com\/es\/wp-json\/wp\/v2\/pages"}],"about":[{"href":"https:\/\/www.thelodgeronda.com\/es\/wp-json\/wp\/v2\/types\/page"}],"author":[{"embeddable":true,"href":"https:\/\/www.thelodgeronda.com\/es\/wp-json\/wp\/v2\/users\/1"}],"replies":[{"embeddable":true,"href":"https:\/\/www.thelodgeronda.com\/es\/wp-json\/wp\/v2\/comments?post=1514"}],"version-history":[{"count":9,"href":"https:\/\/www.thelodgeronda.com\/es\/wp-json\/wp\/v2\/pages\/1514\/revisions"}],"predecessor-version":[{"id":2107,"href":"https:\/\/www.thelodgeronda.com\/es\/wp-json\/wp\/v2\/pages\/1514\/revisions\/2107"}],"wp:featuredmedia":[{"embeddable":true,"href":"https:\/\/www.thelodgeronda.com\/es\/wp-json\/wp\/v2\/media\/1018"}],"wp:attachment":[{"href":"https:\/\/www.thelodgeronda.com\/es\/wp-json\/wp\/v2\/media?parent=1514"}],"curies":[{"name":"wp","href":"https:\/\/api.w.org\/{rel}","templated":true}]}}